{"id":61,"date":"2026-03-03T21:14:59","date_gmt":"2026-03-03T21:14:59","guid":{"rendered":"https:\/\/costadelpercy.com.ar\/?page_id=61"},"modified":"2026-03-04T15:34:52","modified_gmt":"2026-03-04T15:34:52","slug":"bienvenidos","status":"publish","type":"page","link":"https:\/\/costadelpercy.com.ar\/","title":{"rendered":"Bienvenidos"},"content":{"rendered":"\n<p>Ubicadas a solo 100 metros del R\u00edo Percy y en pleno centro de Trevelin, nuestras caba\u00f1as te permiten disfrutar del pueblo caminando y descansar en un entorno  tranquilo.<\/p>\n\n\n\n<p>Pod\u00e9s salir a desayunar, recorrer las casas de t\u00e9, pasear por el pueblo\u2026y en minutos estar junto al agua, escuchando el sonido del r\u00edo y respirando aire patag\u00f3nico.<\/p>\n\n\n\n<p><strong>Sin auto. Sin apuro. Sin complicaciones.<\/strong><\/p>\n\n\n\n<figure class=\"wp-block-gallery has-nested-images columns-default is-cropped wp-block-gallery-1 is-layout-flex wp-block-gallery-is-layout-flex\">\n<figure class=\"wp-block-image size-large has-custom-border\" style=\"margin-right:0;margin-left:0\"><img loading=\"lazy\" decoding=\"async\" width=\"1024\" height=\"683\" data-id=\"77\" src=\"https:\/\/costadelpercy.com.ar\/wp-content\/uploads\/2026\/03\/frente.cdelpercy-1-1024x683.png\" alt=\"\" class=\"wp-image-77\" style=\"border-top-left-radius:10px;border-top-right-radius:10px;border-bottom-left-radius:10px;border-bottom-right-radius:10px\" srcset=\"https:\/\/costadelpercy.com.ar\/wp-content\/uploads\/2026\/03\/frente.cdelpercy-1-1024x683.png 1024w, https:\/\/costadelpercy.com.ar\/wp-content\/uploads\/2026\/03\/frente.cdelpercy-1-300x200.png 300w, https:\/\/costadelpercy.com.ar\/wp-content\/uploads\/2026\/03\/frente.cdelpercy-1.png 1248w\" sizes=\"auto, (max-width: 1024px) 100vw, 1024px\" \/><\/figure>\n\n\n\n<figure class=\"wp-block-image size-large has-custom-border\"><img loading=\"lazy\" decoding=\"async\" width=\"1024\" height=\"683\" data-id=\"78\" src=\"https:\/\/costadelpercy.com.ar\/wp-content\/uploads\/2026\/03\/FRENTE1-3-1024x683.jpg\" alt=\"\" class=\"wp-image-78\" style=\"border-top-left-radius:10px;border-top-right-radius:10px;border-bottom-left-radius:10px;border-bottom-right-radius:10px\" srcset=\"https:\/\/costadelpercy.com.ar\/wp-content\/uploads\/2026\/03\/FRENTE1-3-1024x683.jpg 1024w, https:\/\/costadelpercy.com.ar\/wp-content\/uploads\/2026\/03\/FRENTE1-3-300x200.jpg 300w, https:\/\/costadelpercy.com.ar\/wp-content\/uploads\/2026\/03\/FRENTE1-3.jpg 1200w\" sizes=\"auto, (max-width: 1024px) 100vw, 1024px\" \/><\/figure>\n\n\n\n<figure class=\"wp-block-image size-full has-custom-border\"><img loading=\"lazy\" decoding=\"async\" width=\"1000\" height=\"667\" data-id=\"80\" src=\"https:\/\/costadelpercy.com.ar\/wp-content\/uploads\/2026\/03\/MAM_0207.jpg\" alt=\"\" class=\"wp-image-80\" style=\"border-top-left-radius:10px;border-top-right-radius:10px;border-bottom-left-radius:10px;border-bottom-right-radius:10px\" srcset=\"https:\/\/costadelpercy.com.ar\/wp-content\/uploads\/2026\/03\/MAM_0207.jpg 1000w, https:\/\/costadelpercy.com.ar\/wp-content\/uploads\/2026\/03\/MAM_0207-300x200.jpg 300w\" sizes=\"auto, (max-width: 1000px) 100vw, 1000px\" \/><\/figure>\n<\/figure>\n\n\n\n<div style=\"height:39px\" aria-hidden=\"true\" class=\"wp-block-spacer\"><\/div>\n\n\n\n<hr class=\"wp-block-separator has-alpha-channel-opacity\"\/>\n\n\n\n<h2 class=\"wp-block-heading\">Trevelin<\/h2>\n\n\n\n<p>Trevelin es un peque\u00f1o pueblo patag\u00f3nico con alma galesa, rodeado de monta\u00f1as, r\u00edos y campos abiertos. Su nombre significa \u201cpueblo del molino\u201d, y su historia se siente en cada rinc\u00f3n: en las tradicionales casas de t\u00e9, en la arquitectura caracter\u00edstica y en la calidez de su gente.<\/p>\n\n\n\n<p>Caminar por sus calles es una gran experiencia, disfrutando sus construcciones, el paisaje imponente del Valle 16 de Octubre y la tranquilidad que lo caracteriza. Entre cultura galesa y naturaleza patag\u00f3nica, Trevelin invita a quedarse un poco m\u00e1s.<\/p>\n\n\n\n<figure class=\"wp-block-gallery has-nested-images columns-default is-cropped wp-block-gallery-2 is-layout-flex wp-block-gallery-is-layout-flex\">\n<figure class=\"wp-block-image size-large has-custom-border\"><img loading=\"lazy\" decoding=\"async\" width=\"1024\" height=\"768\" data-id=\"75\" src=\"https:\/\/costadelpercy.com.ar\/wp-content\/uploads\/2026\/03\/museo-1024x768.jpg\" alt=\"\" class=\"wp-image-75\" style=\"border-top-left-radius:10px;border-top-right-radius:10px;border-bottom-left-radius:10px;border-bottom-right-radius:10px\" srcset=\"https:\/\/costadelpercy.com.ar\/wp-content\/uploads\/2026\/03\/museo-1024x768.jpg 1024w, https:\/\/costadelpercy.com.ar\/wp-content\/uploads\/2026\/03\/museo-300x225.jpg 300w, https:\/\/costadelpercy.com.ar\/wp-content\/uploads\/2026\/03\/museo-2000x1500.jpg 2000w\" sizes=\"auto, (max-width: 1024px) 100vw, 1024px\" \/><\/figure>\n\n\n\n<figure class=\"wp-block-image size-large has-custom-border\"><img loading=\"lazy\" decoding=\"async\" width=\"951\" height=\"593\" data-id=\"74\" src=\"https:\/\/costadelpercy.com.ar\/wp-content\/uploads\/2026\/03\/te.jpg\" alt=\"\" class=\"wp-image-74\" style=\"border-top-left-radius:10px;border-top-right-radius:10px;border-bottom-left-radius:10px;border-bottom-right-radius:10px\" srcset=\"https:\/\/costadelpercy.com.ar\/wp-content\/uploads\/2026\/03\/te.jpg 951w, https:\/\/costadelpercy.com.ar\/wp-content\/uploads\/2026\/03\/te-300x187.jpg 300w\" sizes=\"auto, (max-width: 951px) 100vw, 951px\" \/><\/figure>\n\n\n\n<figure class=\"wp-block-image size-large has-custom-border is-style-default\"><img loading=\"lazy\" decoding=\"async\" width=\"1024\" height=\"766\" data-id=\"73\" src=\"https:\/\/costadelpercy.com.ar\/wp-content\/uploads\/2026\/03\/WhatsApp-Image-2021-12-28-at-15.21.59-1-1024x766.jpeg\" alt=\"\" class=\"wp-image-73\" style=\"border-top-left-radius:10px;border-top-right-radius:10px;border-bottom-left-radius:10px;border-bottom-right-radius:10px\" srcset=\"https:\/\/costadelpercy.com.ar\/wp-content\/uploads\/2026\/03\/WhatsApp-Image-2021-12-28-at-15.21.59-1-1024x766.jpeg 1024w, https:\/\/costadelpercy.com.ar\/wp-content\/uploads\/2026\/03\/WhatsApp-Image-2021-12-28-at-15.21.59-1-300x225.jpeg 300w, https:\/\/costadelpercy.com.ar\/wp-content\/uploads\/2026\/03\/WhatsApp-Image-2021-12-28-at-15.21.59-1.jpeg 1280w\" sizes=\"auto, (max-width: 1024px) 100vw, 1024px\" \/><\/figure>\n<\/figure>\n\n\n\n<div style=\"height:33px\" aria-hidden=\"true\" class=\"wp-block-spacer\"><\/div>\n\n\n\n<hr class=\"wp-block-separator has-alpha-channel-opacity\"\/>\n\n\n\n<h2 class=\"wp-block-heading\">Vivir la monta\u00f1a<\/h2>\n\n\n\n<p>M\u00e1s all\u00e1 de la naturaleza que lo envuelve, Trevelin est\u00e1 rodeado de atractivos tur\u00edsticos \u00fanicos, todos a corta distancia, entre ellos:<\/p>\n\n\n\n<ul class=\"wp-block-list\">\n<li>Portada Sur del Parque Nacional los Alerces a 19 km.<\/li>\n\n\n\n<li>Portada Centro del Parque Nacional Los Alerces a 24 km.<\/li>\n\n\n\n<li>Campo de Tulipanes a 14 km.<\/li>\n\n\n\n<li>Futaleuf\u00fa, Chile a 45 km.<\/li>\n\n\n\n<li>Cerro La Hoya, a 30 km.<\/li>\n\n\n\n<li>Sierra Colorada a 20 km.<\/li>\n\n\n\n<li>Lago Rosario a 24 km<\/li>\n<\/ul>\n\n\n\n<div style=\"height:48px\" aria-hidden=\"true\" class=\"wp-block-spacer\"><\/div>\n\n\n\n<figure class=\"wp-block-gallery has-nested-images columns-default is-cropped wp-block-gallery-3 is-layout-flex wp-block-gallery-is-layout-flex\">\n<figure class=\"wp-block-image size-large has-custom-border is-style-default\"><img loading=\"lazy\" decoding=\"async\" width=\"1024\" height=\"576\" data-id=\"106\" src=\"https:\/\/costadelpercy.com.ar\/wp-content\/uploads\/2026\/03\/kayak-1024x576.jpg\" alt=\"\" class=\"wp-image-106\" style=\"border-top-left-radius:10px;border-top-right-radius:10px;border-bottom-left-radius:10px;border-bottom-right-radius:10px\" srcset=\"https:\/\/costadelpercy.com.ar\/wp-content\/uploads\/2026\/03\/kayak-1024x576.jpg 1024w, https:\/\/costadelpercy.com.ar\/wp-content\/uploads\/2026\/03\/kayak-300x169.jpg 300w, https:\/\/costadelpercy.com.ar\/wp-content\/uploads\/2026\/03\/kayak-2000x1125.jpg 2000w\" sizes=\"auto, (max-width: 1024px) 100vw, 1024px\" \/><\/figure>\n\n\n\n<figure class=\"wp-block-image size-large has-custom-border is-style-default\"><img loading=\"lazy\" decoding=\"async\" width=\"1024\" height=\"683\" data-id=\"108\" src=\"https:\/\/costadelpercy.com.ar\/wp-content\/uploads\/2026\/03\/condor-1024x683.jpg\" alt=\"\" class=\"wp-image-108\" style=\"border-top-left-radius:10px;border-top-right-radius:10px;border-bottom-left-radius:10px;border-bottom-right-radius:10px\" srcset=\"https:\/\/costadelpercy.com.ar\/wp-content\/uploads\/2026\/03\/condor-1024x683.jpg 1024w, https:\/\/costadelpercy.com.ar\/wp-content\/uploads\/2026\/03\/condor-300x200.jpg 300w, https:\/\/costadelpercy.com.ar\/wp-content\/uploads\/2026\/03\/condor-2000x1333.jpg 2000w\" sizes=\"auto, (max-width: 1024px) 100vw, 1024px\" \/><\/figure>\n\n\n\n<figure class=\"wp-block-image size-large has-custom-border is-style-default\"><img loading=\"lazy\" decoding=\"async\" width=\"1024\" height=\"576\" data-id=\"107\" src=\"https:\/\/costadelpercy.com.ar\/wp-content\/uploads\/2026\/03\/IMG_20181025_150509342_HDR-1024x576.jpg\" alt=\"\" class=\"wp-image-107\" style=\"border-top-left-radius:10px;border-top-right-radius:10px;border-bottom-left-radius:10px;border-bottom-right-radius:10px\" srcset=\"https:\/\/costadelpercy.com.ar\/wp-content\/uploads\/2026\/03\/IMG_20181025_150509342_HDR-1024x576.jpg 1024w, https:\/\/costadelpercy.com.ar\/wp-content\/uploads\/2026\/03\/IMG_20181025_150509342_HDR-300x169.jpg 300w, https:\/\/costadelpercy.com.ar\/wp-content\/uploads\/2026\/03\/IMG_20181025_150509342_HDR-2000x1125.jpg 2000w\" sizes=\"auto, (max-width: 1024px) 100vw, 1024px\" \/><\/figure>\n<\/figure>\n\n\n\n<div style=\"height:45px\" aria-hidden=\"true\" class=\"wp-block-spacer\"><\/div>\n\n\n\n<div class=\"wp-block-buttons is-horizontal is-layout-flex wp-block-buttons-is-layout-flex\">\n<div class=\"wp-block-button is-style-fill\"><a class=\"wp-block-button__link has-white-color has-tertiary-background-color has-text-color has-background has-link-color wp-element-button\" href=\"https:\/\/costadelpercy.com.ar\/wp-content\/uploads\/2026\/03\/Mapa-Trevelin-pueblo-excursiones.pdf\" style=\"border-top-left-radius:10px;border-top-right-radius:10px;border-bottom-left-radius:10px;border-bottom-right-radius:10px\">Descarg\u00e1 un mapa del pueblo + atractivos<\/a><\/div>\n<\/div>\n\n\n\n<div style=\"height:38px\" aria-hidden=\"true\" class=\"wp-block-spacer\"><\/div>\n\n\n\n<hr class=\"wp-block-separator has-alpha-channel-opacity\"\/>\n\n\n\n<ul class=\"wp-block-list\"><\/ul>\n\n\n\n<p><\/p>\n","protected":false},"excerpt":{"rendered":"<p>Ubicadas a solo 100 metros del R\u00edo Percy y en pleno centro de Trevelin, nuestras caba\u00f1as te permiten disfrutar del pueblo caminando y descansar en un entorno tranquilo. Pod\u00e9s salir a desayunar, recorrer las casas de t\u00e9, pasear por el pueblo\u2026y en minutos estar junto al agua, escuchando el sonido del r\u00edo y respirando aire &hellip; <\/p>\n<p class=\"link-more\"><a href=\"https:\/\/costadelpercy.com.ar\/\" class=\"more-link\">Read more<span class=\"screen-reader-text\"> &#8220;Bienvenidos&#8221;<\/span><\/a><\/p>\n","protected":false},"author":1,"featured_media":0,"parent":0,"menu_order":0,"comment_status":"closed","ping_status":"closed","template":"","meta":{"inspiro_hide_title":false,"footnotes":""},"class_list":["post-61","page","type-page","status-publish","hentry"],"_links":{"self":[{"href":"https:\/\/costadelpercy.com.ar\/index.php\/wp-json\/wp\/v2\/pages\/61","targetHints":{"allow":["GET"]}}],"collection":[{"href":"https:\/\/costadelpercy.com.ar\/index.php\/wp-json\/wp\/v2\/pages"}],"about":[{"href":"https:\/\/costadelpercy.com.ar\/index.php\/wp-json\/wp\/v2\/types\/page"}],"author":[{"embeddable":true,"href":"https:\/\/costadelpercy.com.ar\/index.php\/wp-json\/wp\/v2\/users\/1"}],"replies":[{"embeddable":true,"href":"https:\/\/costadelpercy.com.ar\/index.php\/wp-json\/wp\/v2\/comments?post=61"}],"version-history":[{"count":19,"href":"https:\/\/costadelpercy.com.ar\/index.php\/wp-json\/wp\/v2\/pages\/61\/revisions"}],"predecessor-version":[{"id":119,"href":"https:\/\/costadelpercy.com.ar\/index.php\/wp-json\/wp\/v2\/pages\/61\/revisions\/119"}],"wp:attachment":[{"href":"https:\/\/costadelpercy.com.ar\/index.php\/wp-json\/wp\/v2\/media?parent=61"}],"curies":[{"name":"wp","href":"https:\/\/api.w.org\/{rel}","templated":true}]}}